{"id":262,"date":"2020-05-23T17:57:00","date_gmt":"2020-05-23T17:57:00","guid":{"rendered":"https:\/\/tigret.hu\/dolgozoink\/"},"modified":"2020-07-28T06:06:52","modified_gmt":"2020-07-28T04:06:52","slug":"unsere-mitarbeiter","status":"publish","type":"page","link":"https:\/\/tigret.hu\/de\/unsere-mitarbeiter\/","title":{"rendered":"Unsere Mitarbeiter"},"content":{"rendered":"<div class=\"wpb-content-wrapper\">[vc_row css=&#8220;.vc_custom_1590305999225{padding-top: 10px !important;padding-bottom: 20px !important;}&#8220;][vc_column width=&#8220;1\/2&#8243;]<style>.vcex-heading.vcex_69eb29ecc12b0{color:#878787;font-size:24px;font-family:Arial, Helvetica, sans-serif;text-transform:uppercase;}<\/style><h2 class=\"vcex-heading vcex-heading-bottom-border-w-color vcex-module wpex-heading wpex-text-2xl wpex-border-b-2 wpex-border-solid wpex-border-main vcex_69eb29ecc12b0\"><span class=\"vcex-heading-inner wpex-inline-block wpex-relative wpex-pb-5 wpex-border-b-2 wpex-border-solid wpex-border-accent\">Humanressourcen<\/span><\/h2><style> style=\"height:20px;\"<\/style><div class=\"vcex-spacing wpex-w-100 wpex-clear\" style=\"height:20px;\"><\/div><style>.vcex-list_item.vcex_69eb29ecc270f{font-size:20px;font-weight:600;}<\/style><div class=\"vcex-list_item vcex-module wpex-m-0 wpex-max-w-100 wpex-mb-5 vcex_69eb29ecc270f\"><div class=\"vcex-list-item-inner wpex-inline-flex wpex-flex-no-wrap\"><div class=\"vcex-list-item-icon wpex-mr-10\"><div class=\"vcex-list-item-icon-inner vcex-icon-wrap wpex-inline-flex wpex-justify-center wpex-items-center wpex-leading-none wpex-child-inherit-color\"><span aria-hidden=\"true\" class=\"fas fa-sitemap\"><\/span><\/div><\/div><div class=\"vcex-list-item-text vcex-content wpex-flex-grow\">Technisches Management:<\/div><\/div><\/div>[vc_column_text]\n<ul>\n<li><span style=\"font-size: 21px;\">Hauptbauleiter<\/span><\/li>\n<li><span style=\"font-size: 21px;\">Bauleiter <\/span><\/li>\n<li><span style=\"font-size: 21px;\">Vorarbeiter<\/span><\/li>\n<li><span style=\"font-size: 21px;\">Gruppenleiter<\/span><\/li>\n<\/ul>\n[\/vc_column_text]<style> style=\"height:10px;\"<\/style><div class=\"vcex-spacing wpex-w-100 wpex-clear\" style=\"height:10px;\"><\/div>[\/vc_column][vc_column width=&#8220;1\/2&#8243;]<style>.vcex-heading.vcex_69eb29ecc2e96{color:#878787;font-size:24px;font-family:Arial, Helvetica, sans-serif;text-transform:uppercase;}<\/style><h2 class=\"vcex-heading vcex-heading-bottom-border-w-color vcex-module wpex-heading wpex-text-2xl wpex-border-b-2 wpex-border-solid wpex-border-main vcex_69eb29ecc2e96\"><span class=\"vcex-heading-inner wpex-inline-block wpex-relative wpex-pb-5 wpex-border-b-2 wpex-border-solid wpex-border-accent\">Unsere Leiter verf\u00fcgen \u00fcber:<\/span><\/h2><style> style=\"height:20px;\"<\/style><div class=\"vcex-spacing wpex-w-100 wpex-clear\" style=\"height:20px;\"><\/div><style>.vcex-list_item.vcex_69eb29ecc36d7{font-size:18px;font-weight:600;}<\/style><div class=\"vcex-list_item vcex-module wpex-m-0 wpex-max-w-100 wpex-mb-5 vcex_69eb29ecc36d7\"><div class=\"vcex-list-item-inner wpex-inline-flex wpex-flex-no-wrap\"><div class=\"vcex-list-item-icon wpex-mr-10\"><div class=\"vcex-list-item-icon-inner vcex-icon-wrap wpex-inline-flex wpex-justify-center wpex-items-center wpex-leading-none wpex-child-inherit-color\"><span aria-hidden=\"true\" class=\"far fa-check-square\"><\/span><\/div><\/div><div class=\"vcex-list-item-text vcex-content wpex-flex-grow\">Ausbildungszertifikat \u00fcber technisches Management (4 Personen)<\/div><\/div><\/div><style>.vcex-list_item.vcex_69eb29ecc3ac9{font-size:18px;font-weight:600;}<\/style><div class=\"vcex-list_item vcex-module wpex-m-0 wpex-max-w-100 wpex-mb-5 vcex_69eb29ecc3ac9\"><div class=\"vcex-list-item-inner wpex-inline-flex wpex-flex-no-wrap\"><div class=\"vcex-list-item-icon wpex-mr-10\"><div class=\"vcex-list-item-icon-inner vcex-icon-wrap wpex-inline-flex wpex-justify-center wpex-items-center wpex-leading-none wpex-child-inherit-color\"><span aria-hidden=\"true\" class=\"far fa-check-square\"><\/span><\/div><\/div><div class=\"vcex-list-item-text vcex-content wpex-flex-grow\">Eisenbahnverkehrpr\u00fcfung 1.3.A<\/div><\/div><\/div><style>.vcex-list_item.vcex_69eb29ecc3e44{font-size:18px;font-weight:600;}<\/style><div class=\"vcex-list_item vcex-module wpex-m-0 wpex-max-w-100 wpex-mb-5 vcex_69eb29ecc3e44\"><div class=\"vcex-list-item-inner wpex-inline-flex wpex-flex-no-wrap\"><div class=\"vcex-list-item-icon wpex-mr-10\"><div class=\"vcex-list-item-icon-inner vcex-icon-wrap wpex-inline-flex wpex-justify-center wpex-items-center wpex-leading-none wpex-child-inherit-color\"><span aria-hidden=\"true\" class=\"far fa-check-square\"><\/span><\/div><\/div><div class=\"vcex-list-item-text vcex-content wpex-flex-grow\">Eisenbahnvorarbeiter-Pr\u00fcfung 1.12.<\/div><\/div><\/div><style>.vcex-list_item.vcex_69eb29ecc4196{font-size:18px;font-weight:600;}<\/style><div class=\"vcex-list_item vcex-module wpex-m-0 wpex-max-w-100 wpex-mb-5 vcex_69eb29ecc4196\"><div class=\"vcex-list-item-inner wpex-inline-flex wpex-flex-no-wrap\"><div class=\"vcex-list-item-icon wpex-mr-10\"><div class=\"vcex-list-item-icon-inner vcex-icon-wrap wpex-inline-flex wpex-justify-center wpex-items-center wpex-leading-none wpex-child-inherit-color\"><span aria-hidden=\"true\" class=\"far fa-check-square\"><\/span><\/div><\/div><div class=\"vcex-list-item-text vcex-content wpex-flex-grow\">Fahrpr\u00fcfung &#8211; Vorortzug<\/div><\/div><\/div><style>.vcex-list_item.vcex_69eb29ecc4578{font-size:18px;font-weight:600;}<\/style><div class=\"vcex-list_item vcex-module wpex-m-0 wpex-max-w-100 wpex-mb-5 vcex_69eb29ecc4578\"><div class=\"vcex-list-item-inner wpex-inline-flex wpex-flex-no-wrap\"><div class=\"vcex-list-item-icon wpex-mr-10\"><div class=\"vcex-list-item-icon-inner vcex-icon-wrap wpex-inline-flex wpex-justify-center wpex-items-center wpex-leading-none wpex-child-inherit-color\"><span aria-hidden=\"true\" class=\"far fa-check-square\"><\/span><\/div><\/div><div class=\"vcex-list-item-text vcex-content wpex-flex-grow\">Fahrpr\u00fcfung \u2013 U-Bahn<\/div><\/div><\/div>[\/vc_column][\/vc_row][vc_row full_width=&#8220;stretch_row&#8220; css=&#8220;.vc_custom_1489882653141{padding-top: 70px !important;padding-bottom: 30px !important;background-color: #efefef !important;}&#8220;][vc_column width=&#8220;1\/2&#8243;]<style>.vcex-heading.vcex_69eb29ecc4936{color:#4c4c4c;font-size:18px;}<\/style><h2 class=\"vcex-heading vcex-heading-bottom-border-w-color vcex-module wpex-heading wpex-text-2xl wpex-border-b-2 wpex-border-solid wpex-border-main vcex_69eb29ecc4936\"><span class=\"vcex-heading-inner wpex-inline-block wpex-relative wpex-pb-5 wpex-border-b-2 wpex-border-solid wpex-border-accent\">Unsere Facharbeiter arbeiten in folgenden Positionen<\/span><\/h2><style> style=\"height:20px;\"<\/style><div class=\"vcex-spacing wpex-w-100 wpex-clear\" style=\"height:20px;\"><\/div>[vc_row_inner][vc_column_inner width=&#8220;1\/2&#8243;][vc_column_text]\n<ul>\n<li>Gruppenleiter<\/li>\n<li>Eisenbahnaufseher<\/li>\n<li>Schlosser f\u00fcr Schienenverkehr<\/li>\n<li>Gleisarbeiter<\/li>\n<li>Kleinmaschinen-Operator<\/li>\n<\/ul>\n[\/vc_column_text][\/vc_column_inner][vc_column_inner width=&#8220;1\/2&#8243;][vc_column_text]\n<ul>\n<li>Lastenbinder<\/li>\n<li>\u00dcberwacher<\/li>\n<li>Schwermaschinenbediener<\/li>\n<li>Lastkraftwagenfahrer<\/li>\n<li>Geod\u00e4ten<\/li>\n<\/ul>\n[\/vc_column_text][\/vc_column_inner][\/vc_row_inner][\/vc_column][vc_column width=&#8220;1\/2&#8243;][vc_message]Unsere Firma verf\u00fcgt \u00fcber eine eigene Geod\u00e4sie-Gruppe.[\/vc_message]<style> style=\"height:20px;\"<\/style><div class=\"vcex-spacing wpex-w-100 wpex-clear\" style=\"height:20px;\"><\/div>[vc_message message_box_color=&#8220;warning&#8220;]Unsere Mitarbeiter f\u00fchren in unserer eigenen Reparaturwerkstatt die Instandhaltung der Maschinen durch.[\/vc_message][\/vc_column][\/vc_row][vc_row full_width=&#8220;stretch_row&#8220; css=&#8220;.vc_custom_1590307508740{padding-top: 30px !important;padding-bottom: 30px !important;background-color: #ffb700 !important;}&#8220;][vc_column width=&#8220;3\/4&#8243;]<style> style=\"height:10px;\"<\/style><div class=\"vcex-spacing wpex-w-100 wpex-clear\" style=\"height:10px;\"><\/div><style>.vcex-heading.vcex_69eb29ecc5003{color:#4c4c4c;font-size:22px;text-transform:uppercase;}<\/style><h2 class=\"vcex-heading vcex-heading-plain vcex-module wpex-heading wpex-text-2xl wpex-text-right vcex_69eb29ecc5003\"><span class=\"vcex-heading-inner wpex-inline-block\">KONTAKTIEREN SIE UNS JETZT<\/span><\/h2>[\/vc_column][vc_column width=&#8220;1\/4&#8243;]<div class=\"theme-button-wrap textcenter wpex-clr\"><a href=\"\/de\/kontakt\" class=\"vcex-button theme-button black large align-center inline\"><span class=\"vcex-button-inner theme-button-inner\">Kontakt<\/span><\/a><\/div> [\/vc_column][\/vc_row]\n<\/div>","protected":false},"excerpt":{"rendered":"<p>[vc_row css=&#8220;.vc_custom_1590305999225{padding-top: 10px !important;padding-bottom: 20px !important;}&#8220;][vc_column width=&#8220;1\/2&#8243;][vc_column_text] Hauptbauleiter Bauleiter Vorarbeiter Gruppenleiter [\/vc_column_text][\/vc_column][vc_column width=&#8220;1\/2&#8243;][\/vc_column][\/vc_row][vc_row full_width=&#8220;stretch_row&#8220; css=&#8220;.vc_custom_1489882653141{padding-top: 70px !important;padding-bottom: 30px !important;background-color: #efefef !important;}&#8220;][vc_column width=&#8220;1\/2&#8243;][vc_row_inner][vc_column_inner width=&#8220;1\/2&#8243;][vc_column_text] Gruppenleiter Eisenbahnaufseher Schlosser f\u00fcr Schienenverkehr Gleisarbeiter Kleinmaschinen-Operator [\/vc_column_text][\/vc_column_inner][vc_column_inner width=&#8220;1\/2&#8243;][vc_column_text] Lastenbinder \u00dcberwacher Schwermaschinenbediener Lastkraftwagenfahrer Geod\u00e4ten [\/vc_column_text][\/vc_column_inner][\/vc_row_inner][\/vc_column][vc_column width=&#8220;1\/2&#8243;][vc_message]Unsere Firma verf\u00fcgt \u00fcber eine eigene Geod\u00e4sie-Gruppe.[\/vc_message][vc_message message_box_color=&#8220;warning&#8220;]Unsere Mitarbeiter f\u00fchren in unserer eigenen Reparaturwerkstatt die Instandhaltung der&hellip;<\/p>\n","protected":false},"author":1,"featured_media":0,"parent":0,"menu_order":0,"comment_status":"closed","ping_status":"closed","template":"","meta":{"footnotes":""},"class_list":["post-262","page","type-page","status-publish","hentry","entry","no-media"],"_links":{"self":[{"href":"https:\/\/tigret.hu\/de\/wp-json\/wp\/v2\/pages\/262","targetHints":{"allow":["GET"]}}],"collection":[{"href":"https:\/\/tigret.hu\/de\/wp-json\/wp\/v2\/pages"}],"about":[{"href":"https:\/\/tigret.hu\/de\/wp-json\/wp\/v2\/types\/page"}],"author":[{"embeddable":true,"href":"https:\/\/tigret.hu\/de\/wp-json\/wp\/v2\/users\/1"}],"replies":[{"embeddable":true,"href":"https:\/\/tigret.hu\/de\/wp-json\/wp\/v2\/comments?post=262"}],"version-history":[{"count":1,"href":"https:\/\/tigret.hu\/de\/wp-json\/wp\/v2\/pages\/262\/revisions"}],"predecessor-version":[{"id":263,"href":"https:\/\/tigret.hu\/de\/wp-json\/wp\/v2\/pages\/262\/revisions\/263"}],"wp:attachment":[{"href":"https:\/\/tigret.hu\/de\/wp-json\/wp\/v2\/media?parent=262"}],"curies":[{"name":"wp","href":"https:\/\/api.w.org\/{rel}","templated":true}]}}