{"id":193,"date":"2015-01-25T00:21:50","date_gmt":"2015-01-25T00:21:50","guid":{"rendered":"https:\/\/tigret.hu\/kapcsolat\/"},"modified":"2024-11-04T09:43:52","modified_gmt":"2024-11-04T08:43:52","slug":"contact","status":"publish","type":"page","link":"https:\/\/tigret.hu\/en\/contact\/","title":{"rendered":"Contact"},"content":{"rendered":"<div class=\"wpb-content-wrapper\">[vc_row full_width=&#8221;stretch_row&#8221; typography_style=&#8221;light&#8221; wpex_bg_overlay=&#8221;dark&#8221; bg_style=&#8221;stretch&#8221; css=&#8221;.vc_custom_1590321723128{padding-top: 100px !important;padding-bottom: 100px !important;background-image: url(http:\/\/tigret.hu\/wp-content\/uploads\/2020\/05\/contactus.jpg?id=114) !important;background-position: center !important;background-repeat: no-repeat !important;background-size: cover !important;}&#8221;][vc_column]<style>.vcex-heading.vcex_69e73b57795ff{color:#ffffff;font-size:32px;font-weight:700;}<\/style><h1 class=\"vcex-heading vcex-heading-bottom-border-w-color vcex-module wpex-heading wpex-text-2xl wpex-text-center wpex-border-b-2 wpex-border-solid wpex-border-main vcex_69e73b57795ff\"><span class=\"vcex-heading-inner wpex-inline-block wpex-relative wpex-pb-5 wpex-border-b-2 wpex-border-solid wpex-border-accent\">CONTACT<\/span><\/h1><style> style=\"height:10px;\"<\/style><div class=\"vcex-spacing wpex-w-100 wpex-clear\" style=\"height:10px;\"><\/div>[vc_column_text color=&#8221;#ffffff&#8221; font_size=&#8221;21px&#8221;]\n<p style=\"text-align: center;\">CONTACT US NOW<\/p>\n[\/vc_column_text][\/vc_column][\/vc_row][vc_row css=&#8221;.vc_custom_1489882793899{padding-top: 70px !important;padding-bottom: 20px !important;}&#8221;][vc_column width=&#8221;1\/3&#8243;][vc_single_image image=&#8221;118&#8243; img_size=&#8221;124&#215;124&#8243; alignment=&#8221;center&#8221; style=&#8221;vc_box_shadow_border_circle&#8221; img_filter=&#8221;grayscale&#8221;]<style>.vcex-heading.vcex_69e73b577aa5a{color:#424242;font-size:20px;font-weight:700;}<\/style><h1 class=\"vcex-heading vcex-heading-bottom-border-w-color vcex-module wpex-heading wpex-text-2xl wpex-text-center wpex-border-b-2 wpex-border-solid wpex-border-main vcex_69e73b577aa5a\"><span class=\"vcex-heading-inner wpex-inline-block wpex-relative wpex-pb-5 wpex-border-b-2 wpex-border-solid wpex-border-accent\">Tibor Kun<\/span><\/h1><style>.vcex-heading.vcex_69e73b577af38{color:#7c7c7c;font-size:20px;font-weight:700;}<\/style><h1 class=\"vcex-heading vcex-heading-plain vcex-module wpex-heading wpex-text-2xl wpex-text-center vcex_69e73b577af38\"><span class=\"vcex-heading-inner wpex-inline-block\">Chef executive<\/span><\/h1><style> style=\"height:10px;\"<\/style><div class=\"vcex-spacing wpex-w-100 wpex-clear\" style=\"height:10px;\"><\/div><style>.vcex-list_item.vcex_69e73b577b59f{font-size:18px;font-weight:600;}<\/style><div class=\"vcex-list_item vcex-module wpex-m-0 wpex-max-w-100 wpex-mb-5 textcenter wpex-text-center vcex_69e73b577b59f\"><a  href=\"mailto:tigret@t-online.hu\" class=\"vcex-list-item-link wpex-no-underline\"><div class=\"vcex-list-item-inner wpex-inline-flex wpex-flex-no-wrap\"><div class=\"vcex-list-item-icon wpex-mr-10\"><div class=\"vcex-list-item-icon-inner vcex-icon-wrap wpex-inline-flex wpex-justify-center wpex-items-center wpex-leading-none wpex-child-inherit-color\"><span aria-hidden=\"true\" class=\"fas fa-envelope\"><\/span><\/div><\/div><div class=\"vcex-list-item-text vcex-content wpex-flex-grow\">tigret@t-online.hu<\/div><\/div><\/a><\/div><style>.vcex-list_item.vcex_69e73b577e439{font-size:18px;font-weight:600;}<\/style><div class=\"vcex-list_item vcex-module wpex-m-0 wpex-max-w-100 wpex-mb-5 textcenter wpex-text-center vcex_69e73b577e439\"><a  href=\"tel:+36%2020%20335%206314\" class=\"vcex-list-item-link wpex-no-underline\"><div class=\"vcex-list-item-inner wpex-inline-flex wpex-flex-no-wrap\"><div class=\"vcex-list-item-icon wpex-mr-10\"><div class=\"vcex-list-item-icon-inner vcex-icon-wrap wpex-inline-flex wpex-justify-center wpex-items-center wpex-leading-none wpex-child-inherit-color\"><span aria-hidden=\"true\" class=\"fas fa-phone-square-alt\"><\/span><\/div><\/div><div class=\"vcex-list-item-text vcex-content wpex-flex-grow\">+36 20 335 6314<\/div><\/div><\/a><\/div>[\/vc_column][vc_column width=&#8221;1\/3&#8243;][vc_single_image image=&#8221;118&#8243; img_size=&#8221;124&#215;124&#8243; alignment=&#8221;center&#8221; style=&#8221;vc_box_shadow_border_circle&#8221; img_filter=&#8221;grayscale&#8221;]<style>.vcex-heading.vcex_69e73b577fa61{color:#424242;font-size:20px;font-weight:700;}<\/style><h1 class=\"vcex-heading vcex-heading-bottom-border-w-color vcex-module wpex-heading wpex-text-2xl wpex-text-center wpex-border-b-2 wpex-border-solid wpex-border-main vcex_69e73b577fa61\"><span class=\"vcex-heading-inner wpex-inline-block wpex-relative wpex-pb-5 wpex-border-b-2 wpex-border-solid wpex-border-accent\">Attila Bereczki<\/span><\/h1><style>.vcex-heading.vcex_69e73b5780277{color:#7c7c7c;font-size:20px;font-weight:700;}<\/style><h1 class=\"vcex-heading vcex-heading-plain vcex-module wpex-heading wpex-text-2xl wpex-text-center vcex_69e73b5780277\"><span class=\"vcex-heading-inner wpex-inline-block\">Core site manager<\/span><\/h1><style> style=\"height:10px;\"<\/style><div class=\"vcex-spacing wpex-w-100 wpex-clear\" style=\"height:10px;\"><\/div><style>.vcex-list_item.vcex_69e73b57809dc{font-size:18px;font-weight:600;}<\/style><div class=\"vcex-list_item vcex-module wpex-m-0 wpex-max-w-100 wpex-mb-5 textcenter wpex-text-center vcex_69e73b57809dc\"><a  href=\"mailto:bereczki_attila@tigret.hu\" class=\"vcex-list-item-link wpex-no-underline\"><div class=\"vcex-list-item-inner wpex-inline-flex wpex-flex-no-wrap\"><div class=\"vcex-list-item-icon wpex-mr-10\"><div class=\"vcex-list-item-icon-inner vcex-icon-wrap wpex-inline-flex wpex-justify-center wpex-items-center wpex-leading-none wpex-child-inherit-color\"><span aria-hidden=\"true\" class=\"fas fa-envelope\"><\/span><\/div><\/div><div class=\"vcex-list-item-text vcex-content wpex-flex-grow\">bereczki_attila@tigret.hu<\/div><\/div><\/a><\/div><style>.vcex-list_item.vcex_69e73b5782077{font-size:18px;font-weight:600;}<\/style><div class=\"vcex-list_item vcex-module wpex-m-0 wpex-max-w-100 wpex-mb-5 textcenter wpex-text-center vcex_69e73b5782077\"><a  href=\"tel:+36%2070%20410%204137\" class=\"vcex-list-item-link wpex-no-underline\"><div class=\"vcex-list-item-inner wpex-inline-flex wpex-flex-no-wrap\"><div class=\"vcex-list-item-icon wpex-mr-10\"><div class=\"vcex-list-item-icon-inner vcex-icon-wrap wpex-inline-flex wpex-justify-center wpex-items-center wpex-leading-none wpex-child-inherit-color\"><span aria-hidden=\"true\" class=\"fas fa-phone-square-alt\"><\/span><\/div><\/div><div class=\"vcex-list-item-text vcex-content wpex-flex-grow\">+36 70 410 4137<\/div><\/div><\/a><\/div>[\/vc_column][vc_column width=&#8221;1\/3&#8243;][vc_single_image image=&#8221;118&#8243; img_size=&#8221;124&#215;124&#8243; alignment=&#8221;center&#8221; style=&#8221;vc_box_shadow_border_circle&#8221; img_filter=&#8221;grayscale&#8221;]<style>.vcex-heading.vcex_69e73b57835d7{color:#424242;font-size:20px;font-weight:700;}<\/style><h1 class=\"vcex-heading vcex-heading-bottom-border-w-color vcex-module wpex-heading wpex-text-2xl wpex-text-center wpex-border-b-2 wpex-border-solid wpex-border-main vcex_69e73b57835d7\"><span class=\"vcex-heading-inner wpex-inline-block wpex-relative wpex-pb-5 wpex-border-b-2 wpex-border-solid wpex-border-accent\">Zolt\u00e1n Pekker<\/span><\/h1><style>.vcex-heading.vcex_69e73b5783cea{color:#7c7c7c;font-size:20px;font-weight:700;}<\/style><h1 class=\"vcex-heading vcex-heading-plain vcex-module wpex-heading wpex-text-2xl wpex-text-center vcex_69e73b5783cea\"><span class=\"vcex-heading-inner wpex-inline-block\">Office manager<\/span><\/h1><style> style=\"height:10px;\"<\/style><div class=\"vcex-spacing wpex-w-100 wpex-clear\" style=\"height:10px;\"><\/div><style>.vcex-list_item.vcex_69e73b57843cf{font-size:18px;font-weight:600;}<\/style><div class=\"vcex-list_item vcex-module wpex-m-0 wpex-max-w-100 wpex-mb-5 textcenter wpex-text-center vcex_69e73b57843cf\"><a  href=\"mailto:pekker_zoltan@tigret.hu\" class=\"vcex-list-item-link wpex-no-underline\"><div class=\"vcex-list-item-inner wpex-inline-flex wpex-flex-no-wrap\"><div class=\"vcex-list-item-icon wpex-mr-10\"><div class=\"vcex-list-item-icon-inner vcex-icon-wrap wpex-inline-flex wpex-justify-center wpex-items-center wpex-leading-none wpex-child-inherit-color\"><span aria-hidden=\"true\" class=\"fas fa-envelope\"><\/span><\/div><\/div><div class=\"vcex-list-item-text vcex-content wpex-flex-grow\">pekker_zoltan@tigret.hu<\/div><\/div><\/a><\/div><style>.vcex-list_item.vcex_69e73b57859a5{font-size:18px;font-weight:600;}<\/style><div class=\"vcex-list_item vcex-module wpex-m-0 wpex-max-w-100 wpex-mb-5 textcenter wpex-text-center vcex_69e73b57859a5\"><a  href=\"tel:+36%2020%20335%206314\" class=\"vcex-list-item-link wpex-no-underline\"><div class=\"vcex-list-item-inner wpex-inline-flex wpex-flex-no-wrap\"><div class=\"vcex-list-item-icon wpex-mr-10\"><div class=\"vcex-list-item-icon-inner vcex-icon-wrap wpex-inline-flex wpex-justify-center wpex-items-center wpex-leading-none wpex-child-inherit-color\"><span aria-hidden=\"true\" class=\"fas fa-phone-square-alt\"><\/span><\/div><\/div><div class=\"vcex-list-item-text vcex-content wpex-flex-grow\">+36 70 883 0174<\/div><\/div><\/a><\/div>[\/vc_column][\/vc_row][vc_row full_width=&#8221;stretch_row_content&#8221;][vc_column]<div class=\"vcex-module vcex-divider vcex-divider-solid vcex-divider-center wpex-mx-auto wpex-block wpex-h-0 wpex-border-b wpex-border-solid wpex-border-main\"><\/div>[\/vc_column][\/vc_row][vc_row local_scroll_id=&#8221;telephely-eng&#8221;][vc_column width=&#8221;1\/2&#8243;]<style> style=\"height:20px;\"<\/style><div class=\"vcex-spacing wpex-w-100 wpex-clear hidden-phone\" style=\"height:20px;\"><\/div><style>.vcex-heading.vcex_69e73b5786d38{color:#828282;font-weight:400;}<\/style><div class=\"vcex-heading vcex-heading-bottom-border-w-color vcex-module wpex-heading wpex-text-2xl wpex-border-b-2 wpex-border-solid wpex-border-main vcex_69e73b5786d38\"><span class=\"vcex-heading-inner wpex-inline-block wpex-relative wpex-pb-5 wpex-border-b-2 wpex-border-solid wpex-border-accent\">Establishment:<\/span><\/div><style> style=\"height:10px;\"<\/style><div class=\"vcex-spacing wpex-w-100 wpex-clear\" style=\"height:10px;\"><\/div>[vc_column_text css=&#8221;&#8221;]<strong>Establishment:<\/strong> 4171, 5. Bart\u00f3k B\u00e9la Street, S\u00e1rr\u00e9tudvari[\/vc_column_text]<div class=\"vcex-spacing wpex-w-100 wpex-clear\"><\/div><style>.vcex-heading.vcex_69e73b57875b8{color:#828282;font-weight:400;}<\/style><div class=\"vcex-heading vcex-heading-bottom-border-w-color vcex-module wpex-heading wpex-text-2xl wpex-border-b-2 wpex-border-solid wpex-border-main vcex_69e73b57875b8\"><span class=\"vcex-heading-inner wpex-inline-block wpex-relative wpex-pb-5 wpex-border-b-2 wpex-border-solid wpex-border-accent\">Company info:<\/span><\/div><style> style=\"height:10px;\"<\/style><div class=\"vcex-spacing wpex-w-100 wpex-clear\" style=\"height:10px;\"><\/div>[vc_column_text]<strong>Tax number:<\/strong> 12882409209<br \/>\n<strong>Company Registration Number:<\/strong> 09 09 009011<br \/>\n<strong>Full name:<\/strong> TI-GR\u00c9T \u00c9pit\u0151ipari, Kereskedelmi \u00e9s Szolg\u00e1ltat\u00f3 Korl\u00e1tolt Felel\u0151s\u00e9g\u0171 T\u00e1rsas\u00e1g<\/p>\n<p><strong>Head office:<\/strong> 4171 S\u00e1rr\u00e9tudvari, Bercs\u00e9nyi str. 17.<br \/>\n<strong>Mailing address:<\/strong> 4171 S\u00e1rr\u00e9tudvari, Bercs\u00e9nyi str. 17.[\/vc_column_text][\/vc_column][vc_column width=&#8221;1\/2&#8243;][vc_gmaps link=&#8221;#E-8_JTNDaWZyYW1lJTIwc3JjJTNEJTIyaHR0cHMlM0ElMkYlMkZ3d3cuZ29vZ2xlLmNvbSUyRm1hcHMlMkZlbWJlZCUzRnBiJTNEJTIxMW0xOCUyMTFtMTIlMjExbTMlMjExZDEyODkwLjMzNTEzNTU0MjMwMiUyMTJkMjEuMTcyMjUzNTkzMTk4ODkyJTIxM2Q0Ny4yMzkyMjg5NTU2NzA5NDYlMjEybTMlMjExZjAlMjEyZjAlMjEzZjAlMjEzbTIlMjExaTEwMjQlMjEyaTc2OCUyMTRmMTMuMSUyMTNtMyUyMTFtMiUyMTFzMHg0NzQ2ZTY0YTc4ODFkYzk5JTI1M0EweGVhZTVhNzk2Mzk3Njc4ZGUlMjEyelU4T2hjbkxEcVhSMVpIWmhjbWtzSUVKaGNuVERzMnNnZFM0Z05Td2dOREUzTVElMjE1ZTAlMjEzbTIlMjExc2h1JTIxMnNodSUyMTR2MTczMDcwOTU3ODk5NSUyMTVtMiUyMTFzaHUlMjEyc2h1JTIyJTIwd2lkdGglM0QlMjI2MDAlMjIlMjBoZWlnaHQlM0QlMjI0NTAlMjIlMjBzdHlsZSUzRCUyMmJvcmRlciUzQTAlM0IlMjIlMjBhbGxvd2Z1bGxzY3JlZW4lM0QlMjIlMjIlMjBsb2FkaW5nJTNEJTIybGF6eSUyMiUyMHJlZmVycmVycG9saWN5JTNEJTIybm8tcmVmZXJyZXItd2hlbi1kb3duZ3JhZGUlMjIlM0UlM0MlMkZpZnJhbWUlM0U=&#8221; css=&#8221;&#8221;][\/vc_column][\/vc_row]\n<\/div>","protected":false},"excerpt":{"rendered":"<p>[vc_row full_width=&#8221;stretch_row&#8221; typography_style=&#8221;light&#8221; wpex_bg_overlay=&#8221;dark&#8221; bg_style=&#8221;stretch&#8221; css=&#8221;.vc_custom_1590321723128{padding-top: 100px !important;padding-bottom: 100px !important;background-image: url(http:\/\/tigret.hu\/wp-content\/uploads\/2020\/05\/contactus.jpg?id=114) !important;background-position: center !important;background-repeat: no-repeat !important;background-size: cover !important;}&#8221;][vc_column][vc_column_text color=&#8221;#ffffff&#8221; font_size=&#8221;21px&#8221;] CONTACT US NOW [\/vc_column_text][\/vc_column][\/vc_row][vc_row css=&#8221;.vc_custom_1489882793899{padding-top: 70px !important;padding-bottom: 20px !important;}&#8221;][vc_column width=&#8221;1\/3&#8243;][vc_single_image image=&#8221;118&#8243; img_size=&#8221;124&#215;124&#8243; alignment=&#8221;center&#8221; style=&#8221;vc_box_shadow_border_circle&#8221; img_filter=&#8221;grayscale&#8221;][\/vc_column][vc_column width=&#8221;1\/3&#8243;][vc_single_image image=&#8221;118&#8243; img_size=&#8221;124&#215;124&#8243; alignment=&#8221;center&#8221; style=&#8221;vc_box_shadow_border_circle&#8221; img_filter=&#8221;grayscale&#8221;][\/vc_column][vc_column width=&#8221;1\/3&#8243;][vc_single_image image=&#8221;118&#8243; img_size=&#8221;124&#215;124&#8243; alignment=&#8221;center&#8221; style=&#8221;vc_box_shadow_border_circle&#8221; img_filter=&#8221;grayscale&#8221;][\/vc_column][\/vc_row][vc_row full_width=&#8221;stretch_row_content&#8221;][vc_column][\/vc_column][\/vc_row][vc_row local_scroll_id=&#8221;telephely-eng&#8221;][vc_column width=&#8221;1\/2&#8243;][vc_column_text css=&#8221;&#8221;]Establishment: 4171, 5. Bart\u00f3k B\u00e9la&hellip;<\/p>\n","protected":false},"author":1,"featured_media":0,"parent":0,"menu_order":0,"comment_status":"closed","ping_status":"closed","template":"","meta":{"footnotes":""},"class_list":["post-193","page","type-page","status-publish","hentry","entry","no-media"],"_links":{"self":[{"href":"https:\/\/tigret.hu\/en\/wp-json\/wp\/v2\/pages\/193","targetHints":{"allow":["GET"]}}],"collection":[{"href":"https:\/\/tigret.hu\/en\/wp-json\/wp\/v2\/pages"}],"about":[{"href":"https:\/\/tigret.hu\/en\/wp-json\/wp\/v2\/types\/page"}],"author":[{"embeddable":true,"href":"https:\/\/tigret.hu\/en\/wp-json\/wp\/v2\/users\/1"}],"replies":[{"embeddable":true,"href":"https:\/\/tigret.hu\/en\/wp-json\/wp\/v2\/comments?post=193"}],"version-history":[{"count":1,"href":"https:\/\/tigret.hu\/en\/wp-json\/wp\/v2\/pages\/193\/revisions"}],"predecessor-version":[{"id":228,"href":"https:\/\/tigret.hu\/en\/wp-json\/wp\/v2\/pages\/193\/revisions\/228"}],"wp:attachment":[{"href":"https:\/\/tigret.hu\/en\/wp-json\/wp\/v2\/media?parent=193"}],"curies":[{"name":"wp","href":"https:\/\/api.w.org\/{rel}","templated":true}]}}